{"id":225,"date":"2025-10-29T09:56:54","date_gmt":"2025-10-29T08:56:54","guid":{"rendered":"https:\/\/dev.sun-concepts.ch\/?page_id=225"},"modified":"2025-11-04T09:20:59","modified_gmt":"2025-11-04T08:20:59","slug":"services","status":"publish","type":"page","link":"https:\/\/sun-concepts.ch\/de\/services\/","title":{"rendered":"Dienste"},"content":{"rendered":"<div data-elementor-type=\"wp-page\" data-elementor-id=\"225\" class=\"elementor elementor-225\" data-elementor-post-type=\"page\">\n\t\t\t\t<div class=\"elementor-element elementor-element-1ebc3904 e-flex e-con-boxed e-con e-parent\" data-id=\"1ebc3904\" data-element_type=\"container\" data-e-type=\"container\">\n\t\t\t\t\t<div class=\"e-con-inner\">\n\t\t\t\t<div class=\"elementor-element elementor-element-52cbccf elementor-widget elementor-widget-html\" data-id=\"52cbccf\" data-element_type=\"widget\" data-e-type=\"widget\" data-widget_type=\"html.default\">\n\t\t\t\t\t<link rel=\"stylesheet\" href=\"https:\/\/unpkg.com\/splitting\/dist\/splitting.css\" \/>\n<script src=\"https:\/\/unpkg.com\/splitting\/dist\/splitting.min.js\"><\/script>\n<script src=\"https:\/\/unpkg.com\/gsap@3\/dist\/gsap.min.js\"><\/script>\n<script>\ndocument.addEventListener('DOMContentLoaded', () => {\n  Splitting();\n  gsap.from('[data-splitting] .word', {\n    yPercent: 100,\n    opacity: 0,\n    stagger: 0.05,\n    duration: 0.6,\n    ease: 'expo.out'\n  });\n});\n<\/script>\t\t\t\t<\/div>\n\t\t\t\t<div class=\"elementor-element elementor-element-ac0f733 reveal-title elementor-widget elementor-widget-heading\" data-id=\"ac0f733\" data-element_type=\"widget\" data-e-type=\"widget\" data-splitting=\"\" data-widget_type=\"heading.default\">\n\t\t\t\t\t<h1 class=\"elementor-heading-title elementor-size-default\">Nachhaltige und leistungsstarke L\u00f6sungen f\u00fcr eine kontrollierte Energieversorgung\n<\/h1>\t\t\t\t<\/div>\n\t\t\t\t<div class=\"elementor-element elementor-element-8e24bab animated-fast elementor-widget__width-initial elementor-invisible elementor-widget elementor-widget-text-editor\" data-id=\"8e24bab\" data-element_type=\"widget\" data-e-type=\"widget\" data-settings=\"{&quot;_animation&quot;:&quot;fadeInUp&quot;}\" data-widget_type=\"text-editor.default\">\n\t\t\t\t\t\t\t\t\tBei Sun Concepts entwerfen und installieren wir komplette Solar- und W\u00e4rmesysteme, um den Eigenverbrauch f\u00fcr alle zug\u00e4nglich zu machen.\nVon der Photovoltaik bis zur W\u00e4rmepumpe wird jede Anlage so konzipiert, dass sie Effizienz, Nachhaltigkeit und Benutzerfreundlichkeit vereint. Dabei arbeiten wir mit anerkannten Partnern aus der Schweiz und Europa zusammen.\t\t\t\t\t\t\t\t<\/div>\n\t\t\t\t\t<\/div>\n\t\t\t\t<\/div>\n\t\t<div class=\"elementor-element elementor-element-f0214d7 e-flex e-con-boxed e-con e-parent\" data-id=\"f0214d7\" data-element_type=\"container\" data-e-type=\"container\" id=\"photovoltaique\">\n\t\t\t\t\t<div class=\"e-con-inner\">\n\t\t<div class=\"elementor-element elementor-element-ab469f4 e-con-full e-flex e-con e-child\" data-id=\"ab469f4\" data-element_type=\"container\" data-e-type=\"container\">\n\t\t\t\t<div class=\"elementor-element elementor-element-ea81cbd reveal-title elementor-widget elementor-widget-heading\" data-id=\"ea81cbd\" data-element_type=\"widget\" data-e-type=\"widget\" data-splitting=\"\" data-widget_type=\"heading.default\">\n\t\t\t\t\t<h2 class=\"elementor-heading-title elementor-size-default\">Photovoltaik<\/h2>\t\t\t\t<\/div>\n\t\t\t\t<div class=\"elementor-element elementor-element-5126f79 reveal-title elementor-widget elementor-widget-heading\" data-id=\"5126f79\" data-element_type=\"widget\" data-e-type=\"widget\" data-splitting=\"\" data-widget_type=\"heading.default\">\n\t\t\t\t\t<h2 class=\"elementor-heading-title elementor-size-default\">Erzeugen Sie Ihre eigene Energie<\/h2>\t\t\t\t<\/div>\n\t\t\t\t<div class=\"elementor-element elementor-element-3bc6164 animated-fast elementor-widget__width-initial elementor-invisible elementor-widget elementor-widget-text-editor\" data-id=\"3bc6164\" data-element_type=\"widget\" data-e-type=\"widget\" data-settings=\"{&quot;_animation&quot;:&quot;fadeInUp&quot;}\" data-widget_type=\"text-editor.default\">\n\t\t\t\t\t\t\t\t\t<p>Das Herzst\u00fcck Ihrer Selbstst\u00e4ndigkeit beginnt hier.<br \/>Mit unseren Megasol-Anlagen k\u00f6nnen Sie Ihren eigenen Strom mit Schweizer 100 %-Material erzeugen, das leistungsstark und garantiert ist.<br \/>Je nach Ihren Bed\u00fcrfnissen bieten wir verschiedene Integrationen an:<\/p><ul><li>\u00dcberlagerte Paneele<\/li><li>Eingebaute Paneele<\/li><li>Solarbetriebene Z\u00e4une oder Balkongel\u00e4nder<\/li><li>Pergolen, Verandas und Solarfassaden<\/li><\/ul><p>Jede L\u00f6sung wird so konzipiert, dass sie sich an Ihr Geb\u00e4ude anpasst und Ihre Produktion maximiert. Unsere Techniker k\u00fcmmern sich um die Planung, Installation und Wartung, um ein \u00e4sthetisches, sicheres und dauerhaftes Ergebnis zu erzielen.<\/p>\t\t\t\t\t\t\t\t<\/div>\n\t\t<div class=\"elementor-element elementor-element-d353b10 e-con-full e-flex e-con e-child\" data-id=\"d353b10\" data-element_type=\"container\" data-e-type=\"container\">\n\t\t\t\t<div class=\"elementor-element elementor-element-6d39859 elementor-widget__width-auto text-underline elementor-widget elementor-widget-heading\" data-id=\"6d39859\" data-element_type=\"widget\" data-e-type=\"widget\" data-widget_type=\"heading.default\">\n\t\t\t\t\t<h5 class=\"elementor-heading-title elementor-size-default\"><a href=\"\/de\/contact\/\">Fordern Sie einen Kostenvoranschlag an<\/a><\/h5>\t\t\t\t<\/div>\n\t\t\t\t<div class=\"elementor-element elementor-element-01f6517 elementor-view-default elementor-widget elementor-widget-icon\" data-id=\"01f6517\" data-element_type=\"widget\" data-e-type=\"widget\" data-widget_type=\"icon.default\">\n\t\t\t\t\t\t\t<div class=\"elementor-icon-wrapper\">\n\t\t\t<a class=\"elementor-icon\" href=\"\/de\/contact\/\">\n\t\t\t<svg xmlns=\"http:\/\/www.w3.org\/2000\/svg\" id=\"b\" data-name=\"Calque 2\" viewbox=\"0 0 40 40\"><defs><style>      .h {        fill: #090601;      }      .i {        fill: #f0b71f;      }    <\/style><\/defs><g id=\"c\" data-name=\"Calque 1\"><g id=\"d\" data-name=\"&#x421;&#x433;&#x440;&#x443;&#x43F;&#x43F;&#x438;&#x440;&#x43E;&#x432;&#x430;&#x442;&#x44C; 19425\"><g id=\"e\" data-name=\"non\"><path id=\"f\" data-name=\"&#x41F;&#x440;&#x44F;&#x43C;&#x43E;&#x443;&#x433;&#x43E;&#x43B;&#x44C;&#x43D;&#x438;&#x43A; 3462\" class=\"i\" d=\"M20,0h0c11.05,0,20,8.95,20,20h0c0,11.05-8.95,20-20,20h0C8.95,40,0,31.05,0,20h0C0,8.95,8.95,0,20,0Z\"><\/path><path id=\"g\" data-name=\"&#x41A;&#x43E;&#x43D;&#x442;&#x443;&#x440; 37370\" class=\"h\" d=\"M25.34,13.89h-7.01c-.43,0-.77.35-.77.77,0,.43.35.77.77.77h5.14s-9.36,9.36-9.36,9.36c-.3.3-.3.79,0,1.09s.79.3,1.09,0l9.36-9.36v5.14c0,.43.35.77.77.77.43,0,.77-.35.77-.77h0v-7.01c0-.43-.35-.77-.77-.77Z\"><\/path><\/g><\/g><\/g><\/svg>\t\t\t<\/a>\n\t\t<\/div>\n\t\t\t\t\t\t<\/div>\n\t\t\t\t<\/div>\n\t\t\t\t<\/div>\n\t\t<div class=\"elementor-element elementor-element-d56133e e-con-full e-flex e-con e-child\" data-id=\"d56133e\" data-element_type=\"container\" data-e-type=\"container\" data-settings=\"{&quot;background_background&quot;:&quot;classic&quot;}\">\n\t\t\t\t<div class=\"elementor-element elementor-element-d203b33 elementor-widget elementor-widget-image\" data-id=\"d203b33\" data-element_type=\"widget\" data-e-type=\"widget\" data-widget_type=\"image.default\">\n\t\t\t\t\t\t\t\t\t\t\t\t\t\t\t<img fetchpriority=\"high\" decoding=\"async\" width=\"1707\" height=\"2560\" src=\"https:\/\/sun-concepts.ch\/wp-content\/uploads\/2025\/10\/benjamin-jopen-2SfssudtyIA-unsplash-1-scaled.jpg\" class=\"attachment-full size-full wp-image-146\" alt=\"\" srcset=\"https:\/\/sun-concepts.ch\/wp-content\/uploads\/2025\/10\/benjamin-jopen-2SfssudtyIA-unsplash-1-scaled.jpg 1707w, https:\/\/sun-concepts.ch\/wp-content\/uploads\/2025\/10\/benjamin-jopen-2SfssudtyIA-unsplash-1-200x300.jpg 200w, https:\/\/sun-concepts.ch\/wp-content\/uploads\/2025\/10\/benjamin-jopen-2SfssudtyIA-unsplash-1-683x1024.jpg 683w, https:\/\/sun-concepts.ch\/wp-content\/uploads\/2025\/10\/benjamin-jopen-2SfssudtyIA-unsplash-1-768x1152.jpg 768w, https:\/\/sun-concepts.ch\/wp-content\/uploads\/2025\/10\/benjamin-jopen-2SfssudtyIA-unsplash-1-1024x1536.jpg 1024w, https:\/\/sun-concepts.ch\/wp-content\/uploads\/2025\/10\/benjamin-jopen-2SfssudtyIA-unsplash-1-1365x2048.jpg 1365w\" sizes=\"(max-width: 1707px) 100vw, 1707px\" \/>\t\t\t\t\t\t\t\t\t\t\t\t\t\t\t<\/div>\n\t\t\t\t<\/div>\n\t\t\t\t\t<\/div>\n\t\t\t\t<\/div>\n\t\t<div class=\"elementor-element elementor-element-c7340bf e-flex e-con-boxed e-con e-parent\" data-id=\"c7340bf\" data-element_type=\"container\" data-e-type=\"container\" id=\"batteries\">\n\t\t\t\t\t<div class=\"e-con-inner\">\n\t\t<div class=\"elementor-element elementor-element-14729b8 e-con-full e-flex e-con e-child\" data-id=\"14729b8\" data-element_type=\"container\" data-e-type=\"container\" data-settings=\"{&quot;background_background&quot;:&quot;classic&quot;}\">\n\t\t\t\t<div class=\"elementor-element elementor-element-37fa28f elementor-widget elementor-widget-image\" data-id=\"37fa28f\" data-element_type=\"widget\" data-e-type=\"widget\" data-widget_type=\"image.default\">\n\t\t\t\t\t\t\t\t\t\t\t\t\t\t\t<img decoding=\"async\" width=\"2000\" height=\"1330\" src=\"https:\/\/sun-concepts.ch\/wp-content\/uploads\/2025\/11\/5.22kWp_Energy-Bank-Installation_-Barcelona_Spain_installed-by-Disolar-1.jpg\" class=\"attachment-full size-full wp-image-458\" alt=\"\" srcset=\"https:\/\/sun-concepts.ch\/wp-content\/uploads\/2025\/11\/5.22kWp_Energy-Bank-Installation_-Barcelona_Spain_installed-by-Disolar-1.jpg 2000w, https:\/\/sun-concepts.ch\/wp-content\/uploads\/2025\/11\/5.22kWp_Energy-Bank-Installation_-Barcelona_Spain_installed-by-Disolar-1-300x200.jpg 300w, https:\/\/sun-concepts.ch\/wp-content\/uploads\/2025\/11\/5.22kWp_Energy-Bank-Installation_-Barcelona_Spain_installed-by-Disolar-1-1024x681.jpg 1024w, https:\/\/sun-concepts.ch\/wp-content\/uploads\/2025\/11\/5.22kWp_Energy-Bank-Installation_-Barcelona_Spain_installed-by-Disolar-1-768x511.jpg 768w, https:\/\/sun-concepts.ch\/wp-content\/uploads\/2025\/11\/5.22kWp_Energy-Bank-Installation_-Barcelona_Spain_installed-by-Disolar-1-1536x1021.jpg 1536w\" sizes=\"(max-width: 2000px) 100vw, 2000px\" \/>\t\t\t\t\t\t\t\t\t\t\t\t\t\t\t<\/div>\n\t\t\t\t<\/div>\n\t\t<div class=\"elementor-element elementor-element-fc3a840 e-con-full e-flex e-con e-child\" data-id=\"fc3a840\" data-element_type=\"container\" data-e-type=\"container\">\n\t\t\t\t<div class=\"elementor-element elementor-element-dbd2f1c reveal-title elementor-widget elementor-widget-heading\" data-id=\"dbd2f1c\" data-element_type=\"widget\" data-e-type=\"widget\" data-splitting=\"\" data-widget_type=\"heading.default\">\n\t\t\t\t\t<h2 class=\"elementor-heading-title elementor-size-default\">Batterien<\/h2>\t\t\t\t<\/div>\n\t\t\t\t<div class=\"elementor-element elementor-element-8fa81d5 reveal-title elementor-widget elementor-widget-heading\" data-id=\"8fa81d5\" data-element_type=\"widget\" data-e-type=\"widget\" data-splitting=\"\" data-widget_type=\"heading.default\">\n\t\t\t\t\t<h2 class=\"elementor-heading-title elementor-size-default\">Maximieren Sie Ihren Eigenverbrauch<\/h2>\t\t\t\t<\/div>\n\t\t\t\t<div class=\"elementor-element elementor-element-5dae3e1 animated-fast elementor-widget__width-initial elementor-invisible elementor-widget elementor-widget-text-editor\" data-id=\"5dae3e1\" data-element_type=\"widget\" data-e-type=\"widget\" data-settings=\"{&quot;_animation&quot;:&quot;fadeInUp&quot;}\" data-widget_type=\"text-editor.default\">\n\t\t\t\t\t\t\t\t\t<p>Speichern Sie die von Ihnen erzeugte Energie, um sie jederzeit zu verbrauchen.<br \/>Unsere Batteriesysteme erh\u00f6hen Ihre Eigenverbrauchsquote und st\u00e4rken Ihre Energieunabh\u00e4ngigkeit.<br \/>Wir arbeiten mit zuverl\u00e4ssigen und skalierbaren Technologien: Enphase, Huawei und SolarEdge.<\/p><p>Die Installation und Konfiguration wird von unseren internen Teams durchgef\u00fchrt, um einen optimalen Ertrag und eine intelligente Verwaltung Ihrer Solarproduktion zu gew\u00e4hrleisten.<\/p>\t\t\t\t\t\t\t\t<\/div>\n\t\t<div class=\"elementor-element elementor-element-59c23ef e-con-full e-flex e-con e-child\" data-id=\"59c23ef\" data-element_type=\"container\" data-e-type=\"container\">\n\t\t\t\t<div class=\"elementor-element elementor-element-2c3771b elementor-widget__width-auto text-underline elementor-widget elementor-widget-heading\" data-id=\"2c3771b\" data-element_type=\"widget\" data-e-type=\"widget\" data-widget_type=\"heading.default\">\n\t\t\t\t\t<h5 class=\"elementor-heading-title elementor-size-default\"><a href=\"\/de\/contact\/\">Fordern Sie einen Kostenvoranschlag an<\/a><\/h5>\t\t\t\t<\/div>\n\t\t\t\t<div class=\"elementor-element elementor-element-dad97d5 elementor-view-default elementor-widget elementor-widget-icon\" data-id=\"dad97d5\" data-element_type=\"widget\" data-e-type=\"widget\" data-widget_type=\"icon.default\">\n\t\t\t\t\t\t\t<div class=\"elementor-icon-wrapper\">\n\t\t\t<a class=\"elementor-icon\" href=\"\/de\/contact\/\">\n\t\t\t<svg xmlns=\"http:\/\/www.w3.org\/2000\/svg\" id=\"b\" data-name=\"Calque 2\" viewbox=\"0 0 40 40\"><defs><style>      .h {        fill: #090601;      }      .i {        fill: #f0b71f;      }    <\/style><\/defs><g id=\"c\" data-name=\"Calque 1\"><g id=\"d\" data-name=\"&#x421;&#x433;&#x440;&#x443;&#x43F;&#x43F;&#x438;&#x440;&#x43E;&#x432;&#x430;&#x442;&#x44C; 19425\"><g id=\"e\" data-name=\"non\"><path id=\"f\" data-name=\"&#x41F;&#x440;&#x44F;&#x43C;&#x43E;&#x443;&#x433;&#x43E;&#x43B;&#x44C;&#x43D;&#x438;&#x43A; 3462\" class=\"i\" d=\"M20,0h0c11.05,0,20,8.95,20,20h0c0,11.05-8.95,20-20,20h0C8.95,40,0,31.05,0,20h0C0,8.95,8.95,0,20,0Z\"><\/path><path id=\"g\" data-name=\"&#x41A;&#x43E;&#x43D;&#x442;&#x443;&#x440; 37370\" class=\"h\" d=\"M25.34,13.89h-7.01c-.43,0-.77.35-.77.77,0,.43.35.77.77.77h5.14s-9.36,9.36-9.36,9.36c-.3.3-.3.79,0,1.09s.79.3,1.09,0l9.36-9.36v5.14c0,.43.35.77.77.77.43,0,.77-.35.77-.77h0v-7.01c0-.43-.35-.77-.77-.77Z\"><\/path><\/g><\/g><\/g><\/svg>\t\t\t<\/a>\n\t\t<\/div>\n\t\t\t\t\t\t<\/div>\n\t\t\t\t<\/div>\n\t\t\t\t<\/div>\n\t\t\t\t\t<\/div>\n\t\t\t\t<\/div>\n\t\t<div class=\"elementor-element elementor-element-6058996 e-flex e-con-boxed e-con e-parent\" data-id=\"6058996\" data-element_type=\"container\" data-e-type=\"container\" id=\"bornes\">\n\t\t\t\t\t<div class=\"e-con-inner\">\n\t\t<div class=\"elementor-element elementor-element-75241bd e-con-full e-flex e-con e-child\" data-id=\"75241bd\" data-element_type=\"container\" data-e-type=\"container\">\n\t\t\t\t<div class=\"elementor-element elementor-element-77e0c5f reveal-title elementor-widget elementor-widget-heading\" data-id=\"77e0c5f\" data-element_type=\"widget\" data-e-type=\"widget\" data-splitting=\"\" data-widget_type=\"heading.default\">\n\t\t\t\t\t<h2 class=\"elementor-heading-title elementor-size-default\">Ladestationen<\/h2>\t\t\t\t<\/div>\n\t\t\t\t<div class=\"elementor-element elementor-element-eaf845d reveal-title elementor-widget elementor-widget-heading\" data-id=\"eaf845d\" data-element_type=\"widget\" data-e-type=\"widget\" data-splitting=\"\" data-widget_type=\"heading.default\">\n\t\t\t\t\t<h2 class=\"elementor-heading-title elementor-size-default\">Laden Sie Ihr Fahrzeug mit Ihrer eigenen Energie auf<\/h2>\t\t\t\t<\/div>\n\t\t\t\t<div class=\"elementor-element elementor-element-187bbd0 animated-fast elementor-widget__width-initial elementor-invisible elementor-widget elementor-widget-text-editor\" data-id=\"187bbd0\" data-element_type=\"widget\" data-e-type=\"widget\" data-settings=\"{&quot;_animation&quot;:&quot;fadeInUp&quot;}\" data-widget_type=\"text-editor.default\">\n\t\t\t\t\t\t\t\t\tLaden Sie Ihr Elektroauto direkt mit der Energie auf, die Sie selbst produzieren.\nUnsere intelligenten Ladestationen lassen sich in Ihre Solaranlage integrieren, um Ihren Verbrauch zu optimieren und Ihre Kosten zu senken.\nOb f\u00fcr den privaten oder gewerblichen Gebrauch, unsere L\u00f6sungen garantieren Leistung, Sicherheit und Kompatibilit\u00e4t mit allen Fahrzeugtypen.\n\t\t\t\t\t\t\t\t<\/div>\n\t\t<div class=\"elementor-element elementor-element-0a888cc e-con-full e-flex e-con e-child\" data-id=\"0a888cc\" data-element_type=\"container\" data-e-type=\"container\">\n\t\t\t\t<div class=\"elementor-element elementor-element-fe3266c elementor-widget__width-auto text-underline elementor-widget elementor-widget-heading\" data-id=\"fe3266c\" data-element_type=\"widget\" data-e-type=\"widget\" data-widget_type=\"heading.default\">\n\t\t\t\t\t<h5 class=\"elementor-heading-title elementor-size-default\"><a href=\"\/de\/contact\/\">Fordern Sie einen Kostenvoranschlag an<\/a><\/h5>\t\t\t\t<\/div>\n\t\t\t\t<div class=\"elementor-element elementor-element-8b6a02f elementor-view-default elementor-widget elementor-widget-icon\" data-id=\"8b6a02f\" data-element_type=\"widget\" data-e-type=\"widget\" data-widget_type=\"icon.default\">\n\t\t\t\t\t\t\t<div class=\"elementor-icon-wrapper\">\n\t\t\t<a class=\"elementor-icon\" href=\"\/de\/contact\/\">\n\t\t\t<svg xmlns=\"http:\/\/www.w3.org\/2000\/svg\" id=\"b\" data-name=\"Calque 2\" viewbox=\"0 0 40 40\"><defs><style>      .h {        fill: #090601;      }      .i {        fill: #f0b71f;      }    <\/style><\/defs><g id=\"c\" data-name=\"Calque 1\"><g id=\"d\" data-name=\"&#x421;&#x433;&#x440;&#x443;&#x43F;&#x43F;&#x438;&#x440;&#x43E;&#x432;&#x430;&#x442;&#x44C; 19425\"><g id=\"e\" data-name=\"non\"><path id=\"f\" data-name=\"&#x41F;&#x440;&#x44F;&#x43C;&#x43E;&#x443;&#x433;&#x43E;&#x43B;&#x44C;&#x43D;&#x438;&#x43A; 3462\" class=\"i\" d=\"M20,0h0c11.05,0,20,8.95,20,20h0c0,11.05-8.95,20-20,20h0C8.95,40,0,31.05,0,20h0C0,8.95,8.95,0,20,0Z\"><\/path><path id=\"g\" data-name=\"&#x41A;&#x43E;&#x43D;&#x442;&#x443;&#x440; 37370\" class=\"h\" d=\"M25.34,13.89h-7.01c-.43,0-.77.35-.77.77,0,.43.35.77.77.77h5.14s-9.36,9.36-9.36,9.36c-.3.3-.3.79,0,1.09s.79.3,1.09,0l9.36-9.36v5.14c0,.43.35.77.77.77.43,0,.77-.35.77-.77h0v-7.01c0-.43-.35-.77-.77-.77Z\"><\/path><\/g><\/g><\/g><\/svg>\t\t\t<\/a>\n\t\t<\/div>\n\t\t\t\t\t\t<\/div>\n\t\t\t\t<\/div>\n\t\t\t\t<\/div>\n\t\t<div class=\"elementor-element elementor-element-fc839dc e-con-full e-flex e-con e-child\" data-id=\"fc839dc\" data-element_type=\"container\" data-e-type=\"container\" data-settings=\"{&quot;background_background&quot;:&quot;classic&quot;}\">\n\t\t\t\t<div class=\"elementor-element elementor-element-87eded8 elementor-widget elementor-widget-image\" data-id=\"87eded8\" data-element_type=\"widget\" data-e-type=\"widget\" data-widget_type=\"image.default\">\n\t\t\t\t\t\t\t\t\t\t\t\t\t\t\t<img decoding=\"async\" width=\"1248\" height=\"1320\" src=\"https:\/\/sun-concepts.ch\/wp-content\/uploads\/2025\/10\/imgi_15_temporary.png\" class=\"attachment-full size-full wp-image-414\" alt=\"\" srcset=\"https:\/\/sun-concepts.ch\/wp-content\/uploads\/2025\/10\/imgi_15_temporary.png 1248w, https:\/\/sun-concepts.ch\/wp-content\/uploads\/2025\/10\/imgi_15_temporary-284x300.png 284w, https:\/\/sun-concepts.ch\/wp-content\/uploads\/2025\/10\/imgi_15_temporary-968x1024.png 968w, https:\/\/sun-concepts.ch\/wp-content\/uploads\/2025\/10\/imgi_15_temporary-768x812.png 768w\" sizes=\"(max-width: 1248px) 100vw, 1248px\" \/>\t\t\t\t\t\t\t\t\t\t\t\t\t\t\t<\/div>\n\t\t\t\t<\/div>\n\t\t\t\t\t<\/div>\n\t\t\t\t<\/div>\n\t\t<div class=\"elementor-element elementor-element-e0179e1 e-flex e-con-boxed e-con e-parent\" data-id=\"e0179e1\" data-element_type=\"container\" data-e-type=\"container\" id=\"pac\">\n\t\t\t\t\t<div class=\"e-con-inner\">\n\t\t<div class=\"elementor-element elementor-element-f2db8e9 e-con-full e-flex e-con e-child\" data-id=\"f2db8e9\" data-element_type=\"container\" data-e-type=\"container\" data-settings=\"{&quot;background_background&quot;:&quot;classic&quot;}\">\n\t\t\t\t<div class=\"elementor-element elementor-element-ad4817e elementor-widget elementor-widget-image\" data-id=\"ad4817e\" data-element_type=\"widget\" data-e-type=\"widget\" data-widget_type=\"image.default\">\n\t\t\t\t\t\t\t\t\t\t\t\t\t\t\t<img loading=\"lazy\" decoding=\"async\" width=\"2560\" height=\"1707\" src=\"https:\/\/sun-concepts.ch\/wp-content\/uploads\/2025\/11\/alpha-innotec-nbWCvUiFJA-unsplash2-scaled.jpg\" class=\"attachment-full size-full wp-image-462\" alt=\"\" srcset=\"https:\/\/sun-concepts.ch\/wp-content\/uploads\/2025\/11\/alpha-innotec-nbWCvUiFJA-unsplash2-scaled.jpg 2560w, https:\/\/sun-concepts.ch\/wp-content\/uploads\/2025\/11\/alpha-innotec-nbWCvUiFJA-unsplash2-300x200.jpg 300w, https:\/\/sun-concepts.ch\/wp-content\/uploads\/2025\/11\/alpha-innotec-nbWCvUiFJA-unsplash2-1024x683.jpg 1024w, https:\/\/sun-concepts.ch\/wp-content\/uploads\/2025\/11\/alpha-innotec-nbWCvUiFJA-unsplash2-768x512.jpg 768w, https:\/\/sun-concepts.ch\/wp-content\/uploads\/2025\/11\/alpha-innotec-nbWCvUiFJA-unsplash2-1536x1024.jpg 1536w, https:\/\/sun-concepts.ch\/wp-content\/uploads\/2025\/11\/alpha-innotec-nbWCvUiFJA-unsplash2-2048x1366.jpg 2048w\" sizes=\"(max-width: 2560px) 100vw, 2560px\" \/>\t\t\t\t\t\t\t\t\t\t\t\t\t\t\t<\/div>\n\t\t\t\t<\/div>\n\t\t<div class=\"elementor-element elementor-element-8aa79d7 e-con-full e-flex e-con e-child\" data-id=\"8aa79d7\" data-element_type=\"container\" data-e-type=\"container\">\n\t\t\t\t<div class=\"elementor-element elementor-element-21d1b09 reveal-title elementor-widget elementor-widget-heading\" data-id=\"21d1b09\" data-element_type=\"widget\" data-e-type=\"widget\" data-splitting=\"\" data-widget_type=\"heading.default\">\n\t\t\t\t\t<h2 class=\"elementor-heading-title elementor-size-default\">W\u00e4rmepumpen<\/h2>\t\t\t\t<\/div>\n\t\t\t\t<div class=\"elementor-element elementor-element-1e47756 reveal-title elementor-widget elementor-widget-heading\" data-id=\"1e47756\" data-element_type=\"widget\" data-e-type=\"widget\" data-splitting=\"\" data-widget_type=\"heading.default\">\n\t\t\t\t\t<h2 class=\"elementor-heading-title elementor-size-default\">Nachhaltig heizen und k\u00fchlen<\/h2>\t\t\t\t<\/div>\n\t\t\t\t<div class=\"elementor-element elementor-element-a051733 animated-fast elementor-widget__width-initial elementor-invisible elementor-widget elementor-widget-text-editor\" data-id=\"a051733\" data-element_type=\"widget\" data-e-type=\"widget\" data-settings=\"{&quot;_animation&quot;:&quot;fadeInUp&quot;}\" data-widget_type=\"text-editor.default\">\n\t\t\t\t\t\t\t\t\t<p>Unsere Luft\/Wasser- und Sole\/Wasser-W\u00e4rmepumpen bieten eine effiziente und umweltfreundliche Alternative zu herk\u00f6mmlichen Heizungen.<br \/>Sie nutzen die in der Luft oder im Boden vorhandene Energie, um zu heizen, zu k\u00fchlen und Warmwasser zu erzeugen, und reduzieren dabei Ihren CO2-Fu\u00dfabdruck.<\/p><p>\u00a0<\/p><p>Wir arbeiten mit Marken zusammen, die f\u00fcr ihre Zuverl\u00e4ssigkeit bekannt sind: Vaillant und Alpha Innotech.<br \/>Jede Anlage wird nach Ihrem tats\u00e4chlichen Bedarf dimensioniert, um optimalen Komfort und dauerhafte Einsparungen zu erzielen.<\/p>\t\t\t\t\t\t\t\t<\/div>\n\t\t<div class=\"elementor-element elementor-element-7863c64 e-con-full e-flex e-con e-child\" data-id=\"7863c64\" data-element_type=\"container\" data-e-type=\"container\">\n\t\t\t\t<div class=\"elementor-element elementor-element-3bff17b elementor-widget__width-auto text-underline elementor-widget elementor-widget-heading\" data-id=\"3bff17b\" data-element_type=\"widget\" data-e-type=\"widget\" data-widget_type=\"heading.default\">\n\t\t\t\t\t<h5 class=\"elementor-heading-title elementor-size-default\"><a href=\"\/de\/contact\/\">Fordern Sie einen Kostenvoranschlag an<\/a><\/h5>\t\t\t\t<\/div>\n\t\t\t\t<div class=\"elementor-element elementor-element-b28a97e elementor-view-default elementor-widget elementor-widget-icon\" data-id=\"b28a97e\" data-element_type=\"widget\" data-e-type=\"widget\" data-widget_type=\"icon.default\">\n\t\t\t\t\t\t\t<div class=\"elementor-icon-wrapper\">\n\t\t\t<a class=\"elementor-icon\" href=\"\/de\/contact\/\">\n\t\t\t<svg xmlns=\"http:\/\/www.w3.org\/2000\/svg\" id=\"b\" data-name=\"Calque 2\" viewbox=\"0 0 40 40\"><defs><style>      .h {        fill: #090601;      }      .i {        fill: #f0b71f;      }    <\/style><\/defs><g id=\"c\" data-name=\"Calque 1\"><g id=\"d\" data-name=\"&#x421;&#x433;&#x440;&#x443;&#x43F;&#x43F;&#x438;&#x440;&#x43E;&#x432;&#x430;&#x442;&#x44C; 19425\"><g id=\"e\" data-name=\"non\"><path id=\"f\" data-name=\"&#x41F;&#x440;&#x44F;&#x43C;&#x43E;&#x443;&#x433;&#x43E;&#x43B;&#x44C;&#x43D;&#x438;&#x43A; 3462\" class=\"i\" d=\"M20,0h0c11.05,0,20,8.95,20,20h0c0,11.05-8.95,20-20,20h0C8.95,40,0,31.05,0,20h0C0,8.95,8.95,0,20,0Z\"><\/path><path id=\"g\" data-name=\"&#x41A;&#x43E;&#x43D;&#x442;&#x443;&#x440; 37370\" class=\"h\" d=\"M25.34,13.89h-7.01c-.43,0-.77.35-.77.77,0,.43.35.77.77.77h5.14s-9.36,9.36-9.36,9.36c-.3.3-.3.79,0,1.09s.79.3,1.09,0l9.36-9.36v5.14c0,.43.35.77.77.77.43,0,.77-.35.77-.77h0v-7.01c0-.43-.35-.77-.77-.77Z\"><\/path><\/g><\/g><\/g><\/svg>\t\t\t<\/a>\n\t\t<\/div>\n\t\t\t\t\t\t<\/div>\n\t\t\t\t<\/div>\n\t\t\t\t<\/div>\n\t\t\t\t\t<\/div>\n\t\t\t\t<\/div>\n\t\t\t\t<\/div>","protected":false},"excerpt":{"rendered":"<p>Nachhaltige und leistungsf\u00e4hige L\u00f6sungen f\u00fcr eine kontrollierte Energieversorgung Bei Sun Concepts entwerfen und installieren wir komplette Solar- und W\u00e4rmesysteme, um den Eigenverbrauch f\u00fcr alle zug\u00e4nglich zu machen. Von der Photovoltaik bis zur W\u00e4rmepumpe wird jede Anlage so konzipiert, dass sie Effizienz, Nachhaltigkeit und Benutzerfreundlichkeit vereint. Dabei arbeiten wir mit anerkannten Partnern aus der Schweiz und Europa zusammen. Photovoltaik Produzieren Sie Ihren [...].<\/p>","protected":false},"author":1,"featured_media":0,"parent":0,"menu_order":0,"comment_status":"closed","ping_status":"closed","template":"elementor_header_footer","meta":{"footnotes":""},"class_list":["post-225","page","type-page","status-publish","hentry"],"_links":{"self":[{"href":"https:\/\/sun-concepts.ch\/de\/wp-json\/wp\/v2\/pages\/225","targetHints":{"allow":["GET"]}}],"collection":[{"href":"https:\/\/sun-concepts.ch\/de\/wp-json\/wp\/v2\/pages"}],"about":[{"href":"https:\/\/sun-concepts.ch\/de\/wp-json\/wp\/v2\/types\/page"}],"author":[{"embeddable":true,"href":"https:\/\/sun-concepts.ch\/de\/wp-json\/wp\/v2\/users\/1"}],"replies":[{"embeddable":true,"href":"https:\/\/sun-concepts.ch\/de\/wp-json\/wp\/v2\/comments?post=225"}],"version-history":[{"count":52,"href":"https:\/\/sun-concepts.ch\/de\/wp-json\/wp\/v2\/pages\/225\/revisions"}],"predecessor-version":[{"id":465,"href":"https:\/\/sun-concepts.ch\/de\/wp-json\/wp\/v2\/pages\/225\/revisions\/465"}],"wp:attachment":[{"href":"https:\/\/sun-concepts.ch\/de\/wp-json\/wp\/v2\/media?parent=225"}],"curies":[{"name":"wp","href":"https:\/\/api.w.org\/{rel}","templated":true}]}}