{"id":223,"date":"2025-10-29T09:56:41","date_gmt":"2025-10-29T08:56:41","guid":{"rendered":"https:\/\/dev.sun-concepts.ch\/?page_id=223"},"modified":"2025-11-03T17:09:52","modified_gmt":"2025-11-03T16:09:52","slug":"a-propos","status":"publish","type":"page","link":"https:\/\/sun-concepts.ch\/de\/a-propos\/","title":{"rendered":"\u00dcber"},"content":{"rendered":"<div data-elementor-type=\"wp-page\" data-elementor-id=\"223\" class=\"elementor elementor-223\" data-elementor-post-type=\"page\">\n\t\t\t\t<div class=\"elementor-element elementor-element-e45dc82 e-flex e-con-boxed e-con e-parent\" data-id=\"e45dc82\" data-element_type=\"container\" data-e-type=\"container\">\n\t\t\t\t\t<div class=\"e-con-inner\">\n\t\t\t\t<div class=\"elementor-element elementor-element-3e029cc elementor-widget elementor-widget-html\" data-id=\"3e029cc\" data-element_type=\"widget\" data-e-type=\"widget\" data-widget_type=\"html.default\">\n\t\t\t\t\t<link rel=\"stylesheet\" href=\"https:\/\/unpkg.com\/splitting\/dist\/splitting.css\" \/>\n<script src=\"https:\/\/unpkg.com\/splitting\/dist\/splitting.min.js\"><\/script>\n<script src=\"https:\/\/unpkg.com\/gsap@3\/dist\/gsap.min.js\"><\/script>\n<script>\ndocument.addEventListener('DOMContentLoaded', () => {\n  Splitting();\n  gsap.from('[data-splitting] .word', {\n    yPercent: 100,\n    opacity: 0,\n    stagger: 0.05,\n    duration: 0.6,\n    ease: 'expo.out'\n  });\n});\n<\/script>\t\t\t\t<\/div>\n\t\t\t\t<div class=\"elementor-element elementor-element-b75e16d reveal-title elementor-widget elementor-widget-heading\" data-id=\"b75e16d\" data-element_type=\"widget\" data-e-type=\"widget\" data-splitting=\"\" data-widget_type=\"heading.default\">\n\t\t\t\t\t<h1 class=\"elementor-heading-title elementor-size-default\">Ein Schweizer Unternehmen im Dienste der Energiewende<\/h1>\t\t\t\t<\/div>\n\t\t\t\t<div class=\"elementor-element elementor-element-44558f9 animated-fast elementor-widget__width-initial elementor-invisible elementor-widget elementor-widget-text-editor\" data-id=\"44558f9\" data-element_type=\"widget\" data-e-type=\"widget\" data-settings=\"{&quot;_animation&quot;:&quot;fadeInUp&quot;}\" data-widget_type=\"text-editor.default\">\n\t\t\t\t\t\t\t\t\tBasierend auf der einfachen \u00dcberzeugung, dass jedes Geb\u00e4ude eine saubere Energiequelle sein kann, begleitet Sun Concepts Privatpersonen und Unternehmen auf dem Weg zum Eigenverbrauch und zur Energieunabh\u00e4ngigkeit.\nUnsere Anlagen sind 100 Schweizer %, die mit anerkannten lokalen Partnern wie Megasol, Vaillant oder Enphase entwickelt wurden, um Qualit\u00e4t, Zuverl\u00e4ssigkeit und Nachhaltigkeit zu gew\u00e4hrleisten.\t\t\t\t\t\t\t\t<\/div>\n\t\t\t\t\t<\/div>\n\t\t\t\t<\/div>\n\t\t<div class=\"elementor-element elementor-element-82478cb e-flex e-con-boxed e-con e-parent\" data-id=\"82478cb\" data-element_type=\"container\" data-e-type=\"container\">\n\t\t\t\t\t<div class=\"e-con-inner\">\n\t\t\t\t<div class=\"elementor-element elementor-element-e6d8d35 reveal-title elementor-widget elementor-widget-heading\" data-id=\"e6d8d35\" data-element_type=\"widget\" data-e-type=\"widget\" data-splitting=\"\" data-widget_type=\"heading.default\">\n\t\t\t\t\t<h2 class=\"elementor-heading-title elementor-size-default\">Werte, die uns wichtig sind<\/h2>\t\t\t\t<\/div>\n\t\t<div class=\"elementor-element elementor-element-747bec2 e-con-full e-flex e-con e-child\" data-id=\"747bec2\" data-element_type=\"container\" data-e-type=\"container\">\n\t\t<div class=\"elementor-element elementor-element-bdafa85 e-con-full animated-fast e-flex elementor-invisible e-con e-child\" data-id=\"bdafa85\" data-element_type=\"container\" data-e-type=\"container\" data-settings=\"{&quot;animation&quot;:&quot;fadeIn&quot;,&quot;animation_delay&quot;:200}\">\n\t\t\t\t<div class=\"elementor-element elementor-element-075471a elementor-widget elementor-widget-image\" data-id=\"075471a\" data-element_type=\"widget\" data-e-type=\"widget\" data-widget_type=\"image.default\">\n\t\t\t\t\t\t\t\t\t\t\t\t\t\t\t<img fetchpriority=\"high\" decoding=\"async\" width=\"418\" height=\"396\" src=\"https:\/\/sun-concepts.ch\/wp-content\/uploads\/2025\/10\/confiance.png\" class=\"attachment-large size-large wp-image-340\" alt=\"\" srcset=\"https:\/\/sun-concepts.ch\/wp-content\/uploads\/2025\/10\/confiance.png 418w, https:\/\/sun-concepts.ch\/wp-content\/uploads\/2025\/10\/confiance-300x284.png 300w\" sizes=\"(max-width: 418px) 100vw, 418px\" \/>\t\t\t\t\t\t\t\t\t\t\t\t\t\t\t<\/div>\n\t\t\t\t<div class=\"elementor-element elementor-element-ab86e4c elementor-widget elementor-widget-heading\" data-id=\"ab86e4c\" data-element_type=\"widget\" data-e-type=\"widget\" data-widget_type=\"heading.default\">\n\t\t\t\t\t<h3 class=\"elementor-heading-title elementor-size-default\">Vertrauen<\/h3>\t\t\t\t<\/div>\n\t\t\t\t<\/div>\n\t\t<div class=\"elementor-element elementor-element-911318a e-con-full animated-fast e-flex elementor-invisible e-con e-child\" data-id=\"911318a\" data-element_type=\"container\" data-e-type=\"container\" data-settings=\"{&quot;animation&quot;:&quot;fadeIn&quot;,&quot;animation_delay&quot;:400}\">\n\t\t\t\t<div class=\"elementor-element elementor-element-847831d elementor-widget elementor-widget-image\" data-id=\"847831d\" data-element_type=\"widget\" data-e-type=\"widget\" data-widget_type=\"image.default\">\n\t\t\t\t\t\t\t\t\t\t\t\t\t\t\t<img decoding=\"async\" width=\"800\" height=\"783\" src=\"https:\/\/sun-concepts.ch\/wp-content\/uploads\/2025\/11\/swiss@2x-1024x1002.png\" class=\"attachment-large size-large wp-image-426\" alt=\"\" srcset=\"https:\/\/sun-concepts.ch\/wp-content\/uploads\/2025\/11\/swiss@2x-1024x1002.png 1024w, https:\/\/sun-concepts.ch\/wp-content\/uploads\/2025\/11\/swiss@2x-300x294.png 300w, https:\/\/sun-concepts.ch\/wp-content\/uploads\/2025\/11\/swiss@2x-768x751.png 768w, https:\/\/sun-concepts.ch\/wp-content\/uploads\/2025\/11\/swiss@2x-1536x1503.png 1536w, https:\/\/sun-concepts.ch\/wp-content\/uploads\/2025\/11\/swiss@2x.png 1672w\" sizes=\"(max-width: 800px) 100vw, 800px\" \/>\t\t\t\t\t\t\t\t\t\t\t\t\t\t\t<\/div>\n\t\t\t\t<div class=\"elementor-element elementor-element-7f615bd elementor-widget elementor-widget-heading\" data-id=\"7f615bd\" data-element_type=\"widget\" data-e-type=\"widget\" data-widget_type=\"heading.default\">\n\t\t\t\t\t<h3 class=\"elementor-heading-title elementor-size-default\"><a href=\"\/de\/services\/#batteries\">Schweizer Qualit\u00e4t<\/a><\/h3>\t\t\t\t<\/div>\n\t\t\t\t<\/div>\n\t\t<div class=\"elementor-element elementor-element-3b8ff73 e-con-full animated-fast e-flex elementor-invisible e-con e-child\" data-id=\"3b8ff73\" data-element_type=\"container\" data-e-type=\"container\" data-settings=\"{&quot;animation&quot;:&quot;fadeIn&quot;,&quot;animation_delay&quot;:600}\">\n\t\t\t\t<div class=\"elementor-element elementor-element-6c51bdc elementor-widget elementor-widget-image\" data-id=\"6c51bdc\" data-element_type=\"widget\" data-e-type=\"widget\" data-widget_type=\"image.default\">\n\t\t\t\t\t\t\t\t\t\t\t\t\t\t\t<img decoding=\"async\" width=\"318\" height=\"392\" src=\"https:\/\/sun-concepts.ch\/wp-content\/uploads\/2025\/10\/durabilite.png\" class=\"attachment-large size-large wp-image-341\" alt=\"\" srcset=\"https:\/\/sun-concepts.ch\/wp-content\/uploads\/2025\/10\/durabilite.png 318w, https:\/\/sun-concepts.ch\/wp-content\/uploads\/2025\/10\/durabilite-243x300.png 243w\" sizes=\"(max-width: 318px) 100vw, 318px\" \/>\t\t\t\t\t\t\t\t\t\t\t\t\t\t\t<\/div>\n\t\t\t\t<div class=\"elementor-element elementor-element-bcfaceb elementor-widget elementor-widget-heading\" data-id=\"bcfaceb\" data-element_type=\"widget\" data-e-type=\"widget\" data-widget_type=\"heading.default\">\n\t\t\t\t\t<h3 class=\"elementor-heading-title elementor-size-default\"><a href=\"\/de\/services\/#bornes\">Nachhaltigkeit<\/a><\/h3>\t\t\t\t<\/div>\n\t\t\t\t<\/div>\n\t\t<div class=\"elementor-element elementor-element-5da34cf e-con-full animated-fast e-flex elementor-invisible e-con e-child\" data-id=\"5da34cf\" data-element_type=\"container\" data-e-type=\"container\" data-settings=\"{&quot;animation&quot;:&quot;fadeIn&quot;,&quot;animation_delay&quot;:800}\">\n\t\t\t\t<div class=\"elementor-element elementor-element-0b85c6e elementor-widget elementor-widget-image\" data-id=\"0b85c6e\" data-element_type=\"widget\" data-e-type=\"widget\" data-widget_type=\"image.default\">\n\t\t\t\t\t\t\t\t\t\t\t\t\t\t\t<img loading=\"lazy\" decoding=\"async\" width=\"344\" height=\"340\" src=\"https:\/\/sun-concepts.ch\/wp-content\/uploads\/2025\/10\/tools.png\" class=\"attachment-large size-large wp-image-359\" alt=\"\" srcset=\"https:\/\/sun-concepts.ch\/wp-content\/uploads\/2025\/10\/tools.png 344w, https:\/\/sun-concepts.ch\/wp-content\/uploads\/2025\/10\/tools-300x297.png 300w\" sizes=\"(max-width: 344px) 100vw, 344px\" \/>\t\t\t\t\t\t\t\t\t\t\t\t\t\t\t<\/div>\n\t\t\t\t<div class=\"elementor-element elementor-element-d608fb0 elementor-widget elementor-widget-heading\" data-id=\"d608fb0\" data-element_type=\"widget\" data-e-type=\"widget\" data-widget_type=\"heading.default\">\n\t\t\t\t\t<h3 class=\"elementor-heading-title elementor-size-default\"><a href=\"\/de\/services\/#pac\">Beherrschung<\/a><\/h3>\t\t\t\t<\/div>\n\t\t\t\t<\/div>\n\t\t\t\t<\/div>\n\t\t\t\t\t<\/div>\n\t\t\t\t<\/div>\n\t\t<div class=\"elementor-element elementor-element-8970fa7 e-flex e-con-boxed e-con e-parent\" data-id=\"8970fa7\" data-element_type=\"container\" data-e-type=\"container\">\n\t\t\t\t\t<div class=\"e-con-inner\">\n\t\t<div class=\"elementor-element elementor-element-2c0930a e-con-full e-flex e-con e-child\" data-id=\"2c0930a\" data-element_type=\"container\" data-e-type=\"container\">\n\t\t\t\t<div class=\"elementor-element elementor-element-aa237e1 reveal-title elementor-widget elementor-widget-heading\" data-id=\"aa237e1\" data-element_type=\"widget\" data-e-type=\"widget\" data-splitting=\"\" data-widget_type=\"heading.default\">\n\t\t\t\t\t<h2 class=\"elementor-heading-title elementor-size-default\">Unser Team<\/h2>\t\t\t\t<\/div>\n\t\t\t\t<div class=\"elementor-element elementor-element-c3e8b33 animated-fast elementor-widget__width-initial elementor-invisible elementor-widget elementor-widget-text-editor\" data-id=\"c3e8b33\" data-element_type=\"widget\" data-e-type=\"widget\" data-settings=\"{&quot;_animation&quot;:&quot;fadeInUp&quot;}\" data-widget_type=\"text-editor.default\">\n\t\t\t\t\t\t\t\t\tUnser multidisziplin\u00e4res Team vereint alle F\u00e4higkeiten, die Sie f\u00fcr den Erfolg Ihres Projekts ben\u00f6tigen.\nTechniker, Installateure und Vertriebsmitarbeiter arbeiten zusammen, um zuverl\u00e4ssige und langlebige Installationen zu gew\u00e4hrleisten.\t\t\t\t\t\t\t\t<\/div>\n\t\t\t\t<div class=\"elementor-element elementor-element-6309419 reveal-title elementor-widget elementor-widget-heading\" data-id=\"6309419\" data-element_type=\"widget\" data-e-type=\"widget\" data-splitting=\"\" data-widget_type=\"heading.default\">\n\t\t\t\t\t<h2 class=\"elementor-heading-title elementor-size-default\">Mark THOMS - Direktor von Sun Concepts<\/h2>\t\t\t\t<\/div>\n\t\t\t\t<div class=\"elementor-element elementor-element-b9b9fb6 animated-fast elementor-widget__width-initial elementor-invisible elementor-widget elementor-widget-text-editor\" data-id=\"b9b9fb6\" data-element_type=\"widget\" data-e-type=\"widget\" data-settings=\"{&quot;_animation&quot;:&quot;fadeInUp&quot;}\" data-widget_type=\"text-editor.default\">\n\t\t\t\t\t\t\t\t\tMark THOMS ist ausgebildeter Architekt und hat einen Masterabschluss in Nachhaltiger Entwicklung und Erneuerbaren Energien. Er setzt sein Fachwissen ein, um Solar- und W\u00e4rmeprojekte zu entwickeln, die sowohl leistungsstark als auch \u00e4sthetisch ansprechend sind.\n\t\t\t\t\t\t\t\t<\/div>\n\t\t\t\t<div class=\"elementor-element elementor-element-d4badfb animated-fast elementor-widget__width-initial elementor-invisible elementor-widget elementor-widget-text-editor\" data-id=\"d4badfb\" data-element_type=\"widget\" data-e-type=\"widget\" data-settings=\"{&quot;_animation&quot;:&quot;fadeInUp&quot;}\" data-widget_type=\"text-editor.default\">\n\t\t\t\t\t\t\t\t\t<p>\u00abIch bin davon \u00fcberzeugt, dass jedes Geb\u00e4ude zum Produzenten seiner eigenen Energie werden kann und werde mich daf\u00fcr einsetzen, dass Sun Concepts zu einer vertrauensw\u00fcrdigen Referenz in der Schweizer Energiewende wird. Unsere Aufgabe ist es, Technik, Design und Nachhaltigkeit zu vereinen, um eine Energie zu bauen, die uns \u00e4hnelt: lokal, sauber und verantwortungsbewusst.\u00bb<\/p>\t\t\t\t\t\t\t\t<\/div>\n\t\t\t\t<\/div>\n\t\t<div class=\"elementor-element elementor-element-4b53c1f e-con-full e-flex e-con e-child\" data-id=\"4b53c1f\" data-element_type=\"container\" data-e-type=\"container\">\n\t\t\t\t<div class=\"elementor-element elementor-element-723ad63 elementor-widget elementor-widget-image\" data-id=\"723ad63\" data-element_type=\"widget\" data-e-type=\"widget\" data-widget_type=\"image.default\">\n\t\t\t\t\t\t\t\t\t\t\t\t\t\t\t<img loading=\"lazy\" decoding=\"async\" width=\"800\" height=\"972\" src=\"https:\/\/sun-concepts.ch\/wp-content\/uploads\/2025\/11\/markthoms-843x1024.jpeg\" class=\"attachment-large size-large wp-image-454\" alt=\"\" srcset=\"https:\/\/sun-concepts.ch\/wp-content\/uploads\/2025\/11\/markthoms-843x1024.jpeg 843w, https:\/\/sun-concepts.ch\/wp-content\/uploads\/2025\/11\/markthoms-247x300.jpeg 247w, https:\/\/sun-concepts.ch\/wp-content\/uploads\/2025\/11\/markthoms-768x933.jpeg 768w, https:\/\/sun-concepts.ch\/wp-content\/uploads\/2025\/11\/markthoms-1264x1536.jpeg 1264w, https:\/\/sun-concepts.ch\/wp-content\/uploads\/2025\/11\/markthoms.jpeg 1317w\" sizes=\"(max-width: 800px) 100vw, 800px\" \/>\t\t\t\t\t\t\t\t\t\t\t\t\t\t\t<\/div>\n\t\t\t\t<\/div>\n\t\t\t\t\t<\/div>\n\t\t\t\t<\/div>\n\t\t\t\t<\/div>","protected":false},"excerpt":{"rendered":"<p>Ein Schweizer Unternehmen im Dienste der Energiewende Gegr\u00fcndet auf einer einfachen \u00dcberzeugung - der, dass jedes Geb\u00e4ude zu einer sauberen Energiequelle werden kann - begleitet Sun Concepts Privatpersonen und Unternehmen auf dem Weg zum Eigenverbrauch und zur Energieunabh\u00e4ngigkeit. Unsere Anlagen sind 100 Schweizer %, die mit anerkannten lokalen Partnern wie Megasol, Vaillant oder [...] entwickelt wurden.<\/p>","protected":false},"author":1,"featured_media":0,"parent":0,"menu_order":0,"comment_status":"closed","ping_status":"closed","template":"elementor_header_footer","meta":{"footnotes":""},"class_list":["post-223","page","type-page","status-publish","hentry"],"_links":{"self":[{"href":"https:\/\/sun-concepts.ch\/de\/wp-json\/wp\/v2\/pages\/223","targetHints":{"allow":["GET"]}}],"collection":[{"href":"https:\/\/sun-concepts.ch\/de\/wp-json\/wp\/v2\/pages"}],"about":[{"href":"https:\/\/sun-concepts.ch\/de\/wp-json\/wp\/v2\/types\/page"}],"author":[{"embeddable":true,"href":"https:\/\/sun-concepts.ch\/de\/wp-json\/wp\/v2\/users\/1"}],"replies":[{"embeddable":true,"href":"https:\/\/sun-concepts.ch\/de\/wp-json\/wp\/v2\/comments?post=223"}],"version-history":[{"count":49,"href":"https:\/\/sun-concepts.ch\/de\/wp-json\/wp\/v2\/pages\/223\/revisions"}],"predecessor-version":[{"id":457,"href":"https:\/\/sun-concepts.ch\/de\/wp-json\/wp\/v2\/pages\/223\/revisions\/457"}],"wp:attachment":[{"href":"https:\/\/sun-concepts.ch\/de\/wp-json\/wp\/v2\/media?parent=223"}],"curies":[{"name":"wp","href":"https:\/\/api.w.org\/{rel}","templated":true}]}}